{"id":900,"date":"2025-09-04T16:34:27","date_gmt":"2025-09-04T20:34:27","guid":{"rendered":"https:\/\/sifilabs.com\/politique-de-confidentialite-des-donnees\/"},"modified":"2025-09-15T10:24:33","modified_gmt":"2025-09-15T14:24:33","slug":"politique-de-confidentialite-des-donnees","status":"publish","type":"page","link":"https:\/\/sifilabs.com\/fr\/politique-de-confidentialite-des-donnees\/","title":{"rendered":"Politique de confidentialit\u00e9 des donn\u00e9es"},"content":{"rendered":"<h1 class=\"wp-block-post-title\">Politique de confidentialit\u00e9 des donn\u00e9es<\/h1>\n<div style=\"height:100px\" aria-hidden=\"true\" class=\"wp-block-spacer\"><\/div>\n\n<h3 class=\"wp-block-heading\">Qui est le responsable du traitement des donn\u00e9es et qui puis-je contacter ?<\/h3>\n\n<h5 class=\"wp-block-heading\">Le responsable du traitement est :<\/h5>\n\n<p>SiFi Labs<br\/>290, rue Lavigueur,<br\/>Qu\u00e9bec, QC, Canada<\/p>\n\n<h5 class=\"wp-block-heading\">Les coordonn\u00e9es du responsable du traitement sont :<\/h5>\n\n<p>contact@sifilabs.com<\/p>\n\n<div style=\"height:42px\" aria-hidden=\"true\" class=\"wp-block-spacer\"><\/div>\n\n<h3 class=\"wp-block-heading\">Inscription pour les mises \u00e0 jour et le contact par e-mail<\/h3>\n\n<ol class=\"wp-block-list\">\n<li>Sur notre site web, il est possible d&rsquo;\u00eatre notifi\u00e9 lorsque des mises \u00e0 jour sont disponibles. Lors de l&rsquo;inscription \u00e0 cette option, votre consentement est obtenu pendant le processus d&rsquo;inscription. Il n&rsquo;y a aucune divulgation \u00e0 des tiers en relation avec les donn\u00e9es trait\u00e9es pour envoyer des mises \u00e0 jour. Si vous vous \u00eates inscrit aux mises \u00e0 jour, la base juridique du traitement est consid\u00e9r\u00e9e comme l&rsquo;article 6, paragraphe 1, point a), du RGPD.   <\/li>\n\n\n\n<li>Sur notre site web, il est possible de nous contacter par e-mail pour communiquer directement avec nous. La base juridique du traitement des donn\u00e9es qui sont transf\u00e9r\u00e9es lors de l&rsquo;envoi d&rsquo;un e-mail \u00e0 l&rsquo;entreprise est l&rsquo;article 6, paragraphe 1, point f), du RGPD. Nous ne traitons que les donn\u00e9es personnelles n\u00e9cessaires pour traiter la demande de contact.  <\/li>\n\n\n\n<li>Au moment de l&rsquo;inscription\/du contact, les donn\u00e9es suivantes sont stock\u00e9es :\n<ol class=\"wp-block-list\">\n<li>L&rsquo;adresse e-mail de l&rsquo;utilisateur<\/li>\n\n\n\n<li>L&rsquo;heure et la date de l&rsquo;inscription\/du contact<\/li>\n<\/ol>\n<\/li>\n\n\n\n<li>Selon la base juridique du traitement, vous pouvez \u00e0 tout moment retirer votre consentement ou vous opposer au traitement des donn\u00e9es. Dans de tels cas, vos donn\u00e9es seront effac\u00e9es et la communication ne pourra pas \u00eatre poursuivie. <\/li>\n<\/ol>\n\n<div style=\"height:42px\" aria-hidden=\"true\" class=\"wp-block-spacer\"><\/div>\n\n<h3 class=\"wp-block-heading\">Informations stock\u00e9es pour ex\u00e9cuter les engagements contractuels<\/h3>\n\n<p>Les donn\u00e9es peuvent \u00eatre trait\u00e9es dans le cadre de l&rsquo;ex\u00e9cution de contrats avec vous en tant que client, afin de prendre des mesures pr\u00e9alables \u00e0 la conclusion d&rsquo;un contrat, de formaliser un contrat, de remplir les engagements contractuels ou de compl\u00e9ter tout suivi n\u00e9cessaire pour maintenir les engagements contractuels. La base juridique du traitement de ces donn\u00e9es est l&rsquo;article 6, paragraphe 1, point b), du RGPD. <\/p>\n\n<div style=\"height:42px\" aria-hidden=\"true\" class=\"wp-block-spacer\"><\/div>\n\n<h3 class=\"wp-block-heading\">Droits de la personne concern\u00e9e<\/h3>\n\n<h5 class=\"wp-block-heading\">Droit d&rsquo;acc\u00e8s<\/h5>\n\n<p>Chaque personne concern\u00e9e a le droit d&rsquo;obtenir des informations sur les donn\u00e9es personnelles trait\u00e9es par le responsable du traitement et l&rsquo;acc\u00e8s aux cat\u00e9gories suivantes :<\/p>\n\n<ul class=\"wp-block-list\">\n<li>les finalit\u00e9s du traitement ;<\/li>\n\n\n\n<li>les cat\u00e9gories de donn\u00e9es personnelles concern\u00e9es ;<\/li>\n\n\n\n<li>les destinataires ou cat\u00e9gories de destinataires auxquels les donn\u00e9es personnelles ont \u00e9t\u00e9 ou seront divulgu\u00e9es, en particulier les destinataires dans des pays tiers ou des organisations internationales ;<\/li>\n\n\n\n<li>dans la mesure du possible, la dur\u00e9e envisag\u00e9e pour laquelle les donn\u00e9es personnelles seront conserv\u00e9es ou, si cela n&rsquo;est pas possible, les crit\u00e8res utilis\u00e9s pour d\u00e9terminer cette dur\u00e9e ;<\/li>\n\n\n\n<li>l&rsquo;existence du droit de demander au responsable du traitement la rectification ou l&rsquo;effacement de donn\u00e9es personnelles, ou une limitation du traitement des donn\u00e9es personnelles concernant la personne concern\u00e9e, ou de s&rsquo;opposer \u00e0 un tel traitement ;<\/li>\n\n\n\n<li>l&rsquo;existence du droit d&rsquo;introduire une r\u00e9clamation aupr\u00e8s d&rsquo;une autorit\u00e9 de contr\u00f4le ;<\/li>\n\n\n\n<li>lorsque les donn\u00e9es personnelles ne sont pas collect\u00e9es aupr\u00e8s de la personne concern\u00e9e, toute information disponible quant \u00e0 leur source ;<\/li>\n\n\n\n<li>l&rsquo;existence d&rsquo;une prise de d\u00e9cision automatis\u00e9e, y compris le profilage, vis\u00e9e \u00e0 l&rsquo;article 22, paragraphes 1 et 4, du RGPD et, au moins dans ces cas, des informations utiles concernant la logique sous-jacente, ainsi que l&rsquo;importance et les cons\u00e9quences envisag\u00e9es d&rsquo;un tel traitement pour la personne concern\u00e9e.<\/li>\n<\/ul>\n\n<h5 class=\"wp-block-heading\">Droit de rectification<\/h5>\n\n<ul class=\"wp-block-list\">\n<li>Chaque personne concern\u00e9e a le droit d&rsquo;obtenir la rectification des donn\u00e9es personnelles inexactes la concernant. Cela comprend le droit de faire compl\u00e9ter les donn\u00e9es personnelles incompl\u00e8tes, y compris en fournissant une d\u00e9claration suppl\u00e9mentaire. <\/li>\n<\/ul>\n\n<h5 class=\"wp-block-heading\">Droit \u00e0 l&rsquo;effacement<\/h5>\n\n<p>Chaque personne concern\u00e9e a le droit d&rsquo;obtenir l&rsquo;effacement, dans les meilleurs d\u00e9lais, des donn\u00e9es la concernant qui sont stock\u00e9es. Le responsable du traitement est tenu d&rsquo;effacer les donn\u00e9es personnelles dans les meilleurs d\u00e9lais si l&rsquo;un des motifs suivants s&rsquo;applique, pour autant que le traitement continu ne soit pas n\u00e9cessaire : <\/p>\n\n<ul class=\"wp-block-list\">\n<li>Les donn\u00e9es personnelles ne sont plus n\u00e9cessaires au regard des finalit\u00e9s pour lesquelles elles ont \u00e9t\u00e9 collect\u00e9es ou trait\u00e9es d&rsquo;une autre mani\u00e8re.<br\/>La personne concern\u00e9e retire son consentement sur lequel est fond\u00e9 le traitement conform\u00e9ment \u00e0 l&rsquo;article 6, paragraphe 1, point a), du RGPD et qu&rsquo;il n&rsquo;existe pas d&rsquo;autre fondement juridique au traitement.<\/li>\n\n\n\n<li>La personne concern\u00e9e s&rsquo;oppose au traitement en vertu de l&rsquo;article 21, paragraphe 1, du RGPD et il n&rsquo;existe pas de motifs l\u00e9gitimes imp\u00e9rieux pour le traitement, ou la personne concern\u00e9e s&rsquo;oppose au traitement en vertu de l&rsquo;article 21, paragraphe 2, du RGPD.<\/li>\n\n\n\n<li>Les donn\u00e9es personnelles ont fait l&rsquo;objet d&rsquo;un traitement illicite.<\/li>\n\n\n\n<li>Les donn\u00e9es personnelles doivent \u00eatre effac\u00e9es pour respecter une obligation l\u00e9gale pr\u00e9vue par le droit de l&rsquo;Union ou le droit de l&rsquo;\u00c9tat membre auquel le responsable du traitement est soumis.<\/li>\n\n\n\n<li>Les donn\u00e9es personnelles ont \u00e9t\u00e9 collect\u00e9es dans le cadre de l&rsquo;offre de services de la soci\u00e9t\u00e9 de l&rsquo;information vis\u00e9e \u00e0 l&rsquo;article 8, paragraphe 1, du RGPD.<\/li>\n<\/ul>\n\n<h5 class=\"wp-block-heading\">Droit d&rsquo;opposition<\/h5>\n\n<p>Chaque personne concern\u00e9e a le droit de s&rsquo;opposer, pour des raisons tenant \u00e0 sa situation particuli\u00e8re, au traitement des donn\u00e9es personnelles la concernant lorsque le traitement est fond\u00e9 sur l&rsquo;article 6, paragraphe 1, points e) ou f), du RGPD.  <\/p>\n\n<h5 class=\"wp-block-heading\">Droit de retirer son consentement<\/h5>\n\n<p>Lorsque le traitement des donn\u00e9es repose sur l&rsquo;article 6, paragraphe 1, point a), du RGPD, la personne concern\u00e9e a le droit de retirer son consentement au traitement. Suite \u00e0 cela, nous effacerons toutes les donn\u00e9es personnelles stock\u00e9es sur cette base juridique. <\/p>\n\n<div style=\"height:42px\" aria-hidden=\"true\" class=\"wp-block-spacer\"><\/div>\n\n<h3 class=\"wp-block-heading\">Nos mesures de s\u00e9curit\u00e9 et informations sur le moment o\u00f9 nous supprimons les donn\u00e9es<\/h3>\n\n<p>Nous prenons des mesures pour prot\u00e9ger vos donn\u00e9es personnelles contre l&rsquo;acc\u00e8s non autoris\u00e9 et contre le traitement ill\u00e9gal, la perte accidentelle, la destruction et les dommages. Nous ne conservons vos donn\u00e9es personnelles que le temps n\u00e9cessaire \u00e0 la r\u00e9alisation de l&rsquo;objectif pour lequel elles ont \u00e9t\u00e9 collect\u00e9es. Malheureusement, la transmission d&rsquo;informations via Internet n&rsquo;est pas totalement s\u00e9curis\u00e9e, et bien que nous prenions des mesures pour prot\u00e9ger vos donn\u00e9es, nous ne pouvons pas garantir la s\u00e9curit\u00e9 de vos donn\u00e9es personnelles. Si une violation est d\u00e9tect\u00e9e de notre c\u00f4t\u00e9, nous \u00e9valuerons la gravit\u00e9 du risque pour les droits et libert\u00e9s de nos clients et les en informerons en cons\u00e9quence. Nous \u00e9valuons r\u00e9guli\u00e8rement comment assurer la s\u00e9curit\u00e9 de vos donn\u00e9es au mieux de nos capacit\u00e9s et conform\u00e9ment aux normes de l&rsquo;industrie.    <\/p>\n\n<div style=\"height:42px\" aria-hidden=\"true\" class=\"wp-block-spacer\"><\/div>\n\n<h3 class=\"wp-block-heading\">Publicit\u00e9<\/h3>\n\n<p>SiFi Labs ne tire pas de revenus de la publicit\u00e9 et nous n&rsquo;affichons pas de publicit\u00e9s sur le site web. Par cons\u00e9quent, nous ne collectons pas de donn\u00e9es pour vous faire de la publicit\u00e9. Les donn\u00e9es que nous stockons sont uniquement li\u00e9es \u00e0 la communication concernant nos produits et les contrats avec nos clients.  <\/p>\n\n<div style=\"height:42px\" aria-hidden=\"true\" class=\"wp-block-spacer\"><\/div>\n\n<h3 class=\"wp-block-heading\">Existe-t-il une prise de d\u00e9cision ou un profilage automatis\u00e9s ?<\/h3>\n\n<p>Non, nous n&rsquo;utilisons pas de prise de d\u00e9cision ou de profilage enti\u00e8rement automatis\u00e9s, tels que d\u00e9crits \u00e0 l&rsquo;article 22 du RGPD.<\/p>\n","protected":false},"excerpt":{"rendered":"<p>Qui est le responsable du traitement des donn\u00e9es et qui puis-je contacter ? Le responsable du traitement est : SiFi Labs290, rue Lavigueur,Qu\u00e9bec, QC, Canada Les coordonn\u00e9es du responsable du traitement sont : contact@sifilabs.com Inscription pour les mises \u00e0 jour et le contact par e-mail Informations stock\u00e9es pour ex\u00e9cuter les engagements contractuels Les donn\u00e9es peuvent [&hellip;]<\/p>\n","protected":false},"author":1,"featured_media":0,"parent":0,"menu_order":0,"comment_status":"closed","ping_status":"closed","template":"","meta":{"_acf_changed":false,"footnotes":""},"class_list":["post-900","page","type-page","status-publish","hentry"],"acf":[],"yoast_head":"<!-- This site is optimized with the Yoast SEO plugin v27.4 - https:\/\/yoast.com\/product\/yoast-seo-wordpress\/ -->\n<title>Politique de confidentialit\u00e9 des donn\u00e9es | SiFi Labs<\/title>\n<meta name=\"robots\" content=\"index, follow, max-snippet:-1, max-image-preview:large, max-video-preview:-1\" \/>\n<link rel=\"canonical\" href=\"https:\/\/sifilabs.com\/data-privacy-policy\/\" \/>\n<meta property=\"og:locale\" content=\"fr_FR\" \/>\n<meta property=\"og:type\" content=\"article\" \/>\n<meta property=\"og:title\" content=\"Politique de confidentialit\u00e9 des donn\u00e9es | SiFi Labs\" \/>\n<meta property=\"og:description\" content=\"Qui est le responsable du traitement des donn\u00e9es et qui puis-je contacter ? Le responsable du traitement est : SiFi Labs290, rue Lavigueur,Qu\u00e9bec, QC, Canada Les coordonn\u00e9es du responsable du traitement sont : contact@sifilabs.com Inscription pour les mises \u00e0 jour et le contact par e-mail Informations stock\u00e9es pour ex\u00e9cuter les engagements contractuels Les donn\u00e9es peuvent [&hellip;]\" \/>\n<meta property=\"og:url\" content=\"https:\/\/sifilabs.com\/data-privacy-policy\/\" \/>\n<meta property=\"og:site_name\" content=\"Sifi\" \/>\n<meta property=\"article:modified_time\" content=\"2025-09-15T14:24:33+00:00\" \/>\n<meta property=\"og:image\" content=\"https:\/\/sifilabs.com\/wp-content\/uploads\/2025\/09\/IMG_7044-min-scaled.jpg\" \/>\n\t<meta property=\"og:image:width\" content=\"2560\" \/>\n\t<meta property=\"og:image:height\" content=\"1920\" \/>\n\t<meta property=\"og:image:type\" content=\"image\/jpeg\" \/>\n<meta name=\"twitter:card\" content=\"summary_large_image\" \/>\n<meta name=\"twitter:label1\" content=\"Dur\u00e9e de lecture estim\u00e9e\" \/>\n\t<meta name=\"twitter:data1\" content=\"6 minutes\" \/>\n<script type=\"application\/ld+json\" class=\"yoast-schema-graph\">{\"@context\":\"https:\\\/\\\/schema.org\",\"@graph\":[{\"@type\":\"WebPage\",\"@id\":\"https:\\\/\\\/sifilabs.com\\\/data-privacy-policy\\\/\",\"url\":\"https:\\\/\\\/sifilabs.com\\\/data-privacy-policy\\\/\",\"name\":\"Politique de confidentialit\u00e9 des donn\u00e9es | SiFi Labs\",\"isPartOf\":{\"@id\":\"https:\\\/\\\/sifilabs.com\\\/#website\"},\"datePublished\":\"2025-09-04T20:34:27+00:00\",\"dateModified\":\"2025-09-15T14:24:33+00:00\",\"breadcrumb\":{\"@id\":\"https:\\\/\\\/sifilabs.com\\\/data-privacy-policy\\\/#breadcrumb\"},\"inLanguage\":\"fr-FR\",\"potentialAction\":[{\"@type\":\"ReadAction\",\"target\":[\"https:\\\/\\\/sifilabs.com\\\/data-privacy-policy\\\/\"]}]},{\"@type\":\"BreadcrumbList\",\"@id\":\"https:\\\/\\\/sifilabs.com\\\/data-privacy-policy\\\/#breadcrumb\",\"itemListElement\":[{\"@type\":\"ListItem\",\"position\":1,\"name\":\"Home\",\"item\":\"https:\\\/\\\/sifilabs.com\\\/fr\\\/\"},{\"@type\":\"ListItem\",\"position\":2,\"name\":\"Politique de confidentialit\u00e9 des donn\u00e9es\"}]},{\"@type\":\"WebSite\",\"@id\":\"https:\\\/\\\/sifilabs.com\\\/#website\",\"url\":\"https:\\\/\\\/sifilabs.com\\\/\",\"name\":\"SiFi Labs\",\"description\":\"Knowledge to act\",\"publisher\":{\"@id\":\"https:\\\/\\\/sifilabs.com\\\/#organization\"},\"potentialAction\":[{\"@type\":\"SearchAction\",\"target\":{\"@type\":\"EntryPoint\",\"urlTemplate\":\"https:\\\/\\\/sifilabs.com\\\/?s={search_term_string}\"},\"query-input\":{\"@type\":\"PropertyValueSpecification\",\"valueRequired\":true,\"valueName\":\"search_term_string\"}}],\"inLanguage\":\"fr-FR\"},{\"@type\":\"Organization\",\"@id\":\"https:\\\/\\\/sifilabs.com\\\/#organization\",\"name\":\"SiFi Labs\",\"url\":\"https:\\\/\\\/sifilabs.com\\\/\",\"logo\":{\"@type\":\"ImageObject\",\"inLanguage\":\"fr-FR\",\"@id\":\"https:\\\/\\\/sifilabs.com\\\/#\\\/schema\\\/logo\\\/image\\\/\",\"url\":\"https:\\\/\\\/sifilabs.com\\\/wp-content\\\/uploads\\\/2025\\\/10\\\/sifi-logo-1200-1.png\",\"contentUrl\":\"https:\\\/\\\/sifilabs.com\\\/wp-content\\\/uploads\\\/2025\\\/10\\\/sifi-logo-1200-1.png\",\"width\":1200,\"height\":321,\"caption\":\"SiFi Labs\"},\"image\":{\"@id\":\"https:\\\/\\\/sifilabs.com\\\/#\\\/schema\\\/logo\\\/image\\\/\"},\"sameAs\":[\"https:\\\/\\\/ca.linkedin.com\\\/company\\\/sifi-labs\"]}]}<\/script>\n<!-- \/ Yoast SEO plugin. -->","yoast_head_json":{"title":"Politique de confidentialit\u00e9 des donn\u00e9es | SiFi Labs","robots":{"index":"index","follow":"follow","max-snippet":"max-snippet:-1","max-image-preview":"max-image-preview:large","max-video-preview":"max-video-preview:-1"},"canonical":"https:\/\/sifilabs.com\/data-privacy-policy\/","og_locale":"fr_FR","og_type":"article","og_title":"Politique de confidentialit\u00e9 des donn\u00e9es | SiFi Labs","og_description":"Qui est le responsable du traitement des donn\u00e9es et qui puis-je contacter ? Le responsable du traitement est : SiFi Labs290, rue Lavigueur,Qu\u00e9bec, QC, Canada Les coordonn\u00e9es du responsable du traitement sont : contact@sifilabs.com Inscription pour les mises \u00e0 jour et le contact par e-mail Informations stock\u00e9es pour ex\u00e9cuter les engagements contractuels Les donn\u00e9es peuvent [&hellip;]","og_url":"https:\/\/sifilabs.com\/data-privacy-policy\/","og_site_name":"Sifi","article_modified_time":"2025-09-15T14:24:33+00:00","og_image":[{"width":2560,"height":1920,"url":"https:\/\/sifilabs.com\/wp-content\/uploads\/2025\/09\/IMG_7044-min-scaled.jpg","type":"image\/jpeg"}],"twitter_card":"summary_large_image","twitter_misc":{"Dur\u00e9e de lecture estim\u00e9e":"6 minutes"},"schema":{"@context":"https:\/\/schema.org","@graph":[{"@type":"WebPage","@id":"https:\/\/sifilabs.com\/data-privacy-policy\/","url":"https:\/\/sifilabs.com\/data-privacy-policy\/","name":"Politique de confidentialit\u00e9 des donn\u00e9es | SiFi Labs","isPartOf":{"@id":"https:\/\/sifilabs.com\/#website"},"datePublished":"2025-09-04T20:34:27+00:00","dateModified":"2025-09-15T14:24:33+00:00","breadcrumb":{"@id":"https:\/\/sifilabs.com\/data-privacy-policy\/#breadcrumb"},"inLanguage":"fr-FR","potentialAction":[{"@type":"ReadAction","target":["https:\/\/sifilabs.com\/data-privacy-policy\/"]}]},{"@type":"BreadcrumbList","@id":"https:\/\/sifilabs.com\/data-privacy-policy\/#breadcrumb","itemListElement":[{"@type":"ListItem","position":1,"name":"Home","item":"https:\/\/sifilabs.com\/fr\/"},{"@type":"ListItem","position":2,"name":"Politique de confidentialit\u00e9 des donn\u00e9es"}]},{"@type":"WebSite","@id":"https:\/\/sifilabs.com\/#website","url":"https:\/\/sifilabs.com\/","name":"SiFi Labs","description":"Knowledge to act","publisher":{"@id":"https:\/\/sifilabs.com\/#organization"},"potentialAction":[{"@type":"SearchAction","target":{"@type":"EntryPoint","urlTemplate":"https:\/\/sifilabs.com\/?s={search_term_string}"},"query-input":{"@type":"PropertyValueSpecification","valueRequired":true,"valueName":"search_term_string"}}],"inLanguage":"fr-FR"},{"@type":"Organization","@id":"https:\/\/sifilabs.com\/#organization","name":"SiFi Labs","url":"https:\/\/sifilabs.com\/","logo":{"@type":"ImageObject","inLanguage":"fr-FR","@id":"https:\/\/sifilabs.com\/#\/schema\/logo\/image\/","url":"https:\/\/sifilabs.com\/wp-content\/uploads\/2025\/10\/sifi-logo-1200-1.png","contentUrl":"https:\/\/sifilabs.com\/wp-content\/uploads\/2025\/10\/sifi-logo-1200-1.png","width":1200,"height":321,"caption":"SiFi Labs"},"image":{"@id":"https:\/\/sifilabs.com\/#\/schema\/logo\/image\/"},"sameAs":["https:\/\/ca.linkedin.com\/company\/sifi-labs"]}]}},"_links":{"self":[{"href":"https:\/\/sifilabs.com\/fr\/wp-json\/wp\/v2\/pages\/900","targetHints":{"allow":["GET"]}}],"collection":[{"href":"https:\/\/sifilabs.com\/fr\/wp-json\/wp\/v2\/pages"}],"about":[{"href":"https:\/\/sifilabs.com\/fr\/wp-json\/wp\/v2\/types\/page"}],"author":[{"embeddable":true,"href":"https:\/\/sifilabs.com\/fr\/wp-json\/wp\/v2\/users\/1"}],"replies":[{"embeddable":true,"href":"https:\/\/sifilabs.com\/fr\/wp-json\/wp\/v2\/comments?post=900"}],"version-history":[{"count":1,"href":"https:\/\/sifilabs.com\/fr\/wp-json\/wp\/v2\/pages\/900\/revisions"}],"predecessor-version":[{"id":901,"href":"https:\/\/sifilabs.com\/fr\/wp-json\/wp\/v2\/pages\/900\/revisions\/901"}],"wp:attachment":[{"href":"https:\/\/sifilabs.com\/fr\/wp-json\/wp\/v2\/media?parent=900"}],"curies":[{"name":"wp","href":"https:\/\/api.w.org\/{rel}","templated":true}]}}