{"id":874,"date":"2025-07-24T10:45:36","date_gmt":"2025-07-24T14:45:36","guid":{"rendered":"https:\/\/sifilabs.com\/produits\/"},"modified":"2025-09-19T05:22:24","modified_gmt":"2025-09-19T09:22:24","slug":"produits","status":"publish","type":"page","link":"https:\/\/sifilabs.com\/fr\/produits\/","title":{"rendered":"Produits"},"content":{"rendered":"\n<div class=\"wp-block-group alignfull has-background has-global-padding is-layout-constrained wp-block-group-is-layout-constrained\" style=\"background:linear-gradient(106deg,rgb(0,0,0) 0%,rgba(9,53,227,0.33) 67%,rgb(0,0,0) 100%)\"><div class=\"wp-block-orphic-ui-spacer-responsive wp-block-orphic-ui-spacer-responsive\">\n  <div\n    class=\"orphic-ui-spacer-responsive-desktop desktop-950\"\n    style=\"height: 71px;\"><\/div>\n  <div\n    class=\"orphic-ui-spacer-responsive-tablet tablet-768-950\"\n    style=\"height: 37px;\"><\/div>\n  <div\n    class=\"orphic-ui-spacer-responsive-mobile mobile-768\"\n    style=\"height: 25px;\"><\/div>\n<\/div>\n\n\n<h1 class=\"wp-block-heading\">Produits<\/h1>\n\n\n\n<p>Notre gamme de capteurs et d&rsquo;accessoires portables est con\u00e7ue pour capter de mani\u00e8re flexible des signaux physiologiques de haute qualit\u00e9, que ce soit en laboratoire ou \u00e0 domicile. De la surveillance ponctuelle aux \u00e9tudes de cohortes complexes, notre mat\u00e9riel est con\u00e7u pour r\u00e9pondre aux exigences de la recherche de pointe.<\/p>\n\n\n<div class=\"wp-block-orphic-ui-spacer-responsive wp-block-orphic-ui-spacer-responsive\">\n  <div\n    class=\"orphic-ui-spacer-responsive-desktop desktop-950\"\n    style=\"height: 50px;\"><\/div>\n  <div\n    class=\"orphic-ui-spacer-responsive-tablet tablet-768-950\"\n    style=\"height: 35px;\"><\/div>\n  <div\n    class=\"orphic-ui-spacer-responsive-mobile mobile-768\"\n    style=\"height: 25px;\"><\/div>\n<\/div>\n\n<div class=\"acf-block-product-card align wp-block-acf-product-card\">\n    <a href=\"https:\/\/sifilabs.com\/fr\/product\/biopoint\/\" class=\"acf-block-product-card__container\" data-position=\"right\">\n        <!-- Image Section -->\n        <div class=\"acf-block-product-card__image-section\">\n                            <div class=\"acf-block-product-card__image\">\n                    <img loading=\"lazy\" decoding=\"async\" src=\"https:\/\/sifilabs.com\/wp-content\/uploads\/2025\/07\/BioPointV4.0_2024-Apr-21_10-31-22AM-000_CustomizedView10118608875-1-2-3.png\"\n                        alt=\"Product image\"\n                        width=\"310\"\n                        height=\"242\">\n                <\/div>\n                    <\/div>\n\n        <!-- Content Section -->\n        <div class=\"acf-block-product-card__content-section\">\n            <div class=\"acf-block-product-card__content\">\n                <!-- InnerBlocks -->\n                <div class=\"acf-block-product-card__inner\">\n                    <div class=\"acf-innerblocks-container\">\n\n<p style=\"font-style:normal;font-weight:700\">BioPoint<\/p>\n\n\n\n<p>Le biocapteur tout-en-un ultime pour la recherche ambulatoire et en laboratoire. La connectivit\u00e9 sans fil, le format compact et la m\u00e9moire interne du BioPoint en font l&rsquo;outil id\u00e9al pour capter des donn\u00e9es physiologiques riches sur de longues p\u00e9riodes, sans les contraintes d&rsquo;un laboratoire.<\/p>\n\n<\/div>\n                <\/div>\n\n                <!-- Use Cases -->\n                                    <span class=\"acf-block-product-card__use-cases-title\">\n                        Use cases                    <\/span>\n                    <div class=\"acf-block-product-card__use-cases\">\n                                                                                    <span class=\"acf-block-product-card__use-case-tag\">\n                                    Recherche ambulatoire                                <\/span>\n                                                                                                                <span class=\"acf-block-product-card__use-case-tag\">\n                                    Psychophysiologie                                <\/span>\n                                                                                                                <span class=\"acf-block-product-card__use-case-tag\">\n                                    Sciences du sport                                <\/span>\n                                                                        <\/div>\n                \n                <!-- Learn More Link -->\n                                    <div class=\"acf-block-product-card__link\">\n                        <div\n                            class=\"acf-block-product-card__learn-more\"\n                            >\n                            En savoir plus                            <svg width=\"20\" height=\"20\" viewBox=\"0 0 20 20\" fill=\"none\" xmlns=\"http:\/\/www.w3.org\/2000\/svg\">\n                                <path d=\"M4.16666 10H15.8333M15.8333 10L10.8333 5M15.8333 10L10.8333 15\" stroke=\"currentColor\" stroke-width=\"1.67\" stroke-linecap=\"round\" stroke-linejoin=\"round\" \/>\n                            <\/svg>\n                        <\/div>\n                    <\/div>\n                            <\/div>\n        <\/div>\n    <\/a>\n<\/div>\n\n<div class=\"acf-block-product-card align wp-block-acf-product-card\">\n    <a href=\"https:\/\/sifilabs.com\/fr\/product\/sifi-band\/\" class=\"acf-block-product-card__container\" data-position=\"left\">\n        <!-- Image Section -->\n        <div class=\"acf-block-product-card__image-section\">\n                            <div class=\"acf-block-product-card__image\">\n                    <img loading=\"lazy\" decoding=\"async\" src=\"https:\/\/sifilabs.com\/wp-content\/uploads\/2025\/07\/IMG_3075_nobg-1.png\"\n                        alt=\"Product image\"\n                        width=\"290\"\n                        height=\"232\">\n                <\/div>\n                    <\/div>\n\n        <!-- Content Section -->\n        <div class=\"acf-block-product-card__content-section\">\n            <div class=\"acf-block-product-card__content\">\n                <!-- InnerBlocks -->\n                <div class=\"acf-block-product-card__inner\">\n                    <div class=\"acf-innerblocks-container\">\n\n<p style=\"font-style:normal;font-weight:700\">Bracelet SiFi<\/p>\n\n\n\n<p>D\u00e9bloquez la biom\u00e9canique avanc\u00e9e avec l&rsquo;EMG haute densit\u00e9. Le bracelet SiFi est sp\u00e9cialement con\u00e7u pour la reconnaissance des gestes et la recherche multi-musculaire, avec huit canaux EMG synchronis\u00e9s ainsi qu&rsquo;une gamme compl\u00e8te de capteurs physiologiques.<\/p>\n\n<\/div>\n                <\/div>\n\n                <!-- Use Cases -->\n                                    <span class=\"acf-block-product-card__use-cases-title\">\n                        Use cases                    <\/span>\n                    <div class=\"acf-block-product-card__use-cases\">\n                                                                                    <span class=\"acf-block-product-card__use-case-tag\">\n                                    Interaction homme-machine                                <\/span>\n                                                                                                                <span class=\"acf-block-product-card__use-case-tag\">\n                                    Biom\u00e9canique                                <\/span>\n                                                                                                                <span class=\"acf-block-product-card__use-case-tag\">\n                                    R\u00e9adaptation                                <\/span>\n                                                                        <\/div>\n                \n                <!-- Learn More Link -->\n                                    <div class=\"acf-block-product-card__link\">\n                        <div\n                            class=\"acf-block-product-card__learn-more\"\n                            >\n                            En savoir plus                            <svg width=\"20\" height=\"20\" viewBox=\"0 0 20 20\" fill=\"none\" xmlns=\"http:\/\/www.w3.org\/2000\/svg\">\n                                <path d=\"M4.16666 10H15.8333M15.8333 10L10.8333 5M15.8333 10L10.8333 15\" stroke=\"currentColor\" stroke-width=\"1.67\" stroke-linecap=\"round\" stroke-linejoin=\"round\" \/>\n                            <\/svg>\n                        <\/div>\n                    <\/div>\n                            <\/div>\n        <\/div>\n    <\/a>\n<\/div>\n\n<div class=\"wp-block-orphic-ui-spacer-responsive wp-block-orphic-ui-spacer-responsive\">\n  <div\n    class=\"orphic-ui-spacer-responsive-desktop desktop-950\"\n    style=\"height: 96px;\"><\/div>\n  <div\n    class=\"orphic-ui-spacer-responsive-tablet tablet-768-950\"\n    style=\"height: 52px;\"><\/div>\n  <div\n    class=\"orphic-ui-spacer-responsive-mobile mobile-768\"\n    style=\"height: 25px;\"><\/div>\n<\/div><\/div>\n","protected":false},"excerpt":{"rendered":"<p>Produits Notre gamme de capteurs et d&rsquo;accessoires portables est con\u00e7ue pour capter de mani\u00e8re flexible des signaux physiologiques de haute qualit\u00e9, que ce soit en laboratoire ou \u00e0 domicile. De la surveillance ponctuelle aux \u00e9tudes de cohortes complexes, notre mat\u00e9riel est con\u00e7u pour r\u00e9pondre aux exigences de la recherche de pointe.<\/p>\n","protected":false},"author":1,"featured_media":1280,"parent":0,"menu_order":0,"comment_status":"closed","ping_status":"closed","template":"","meta":{"_acf_changed":false,"footnotes":""},"class_list":["post-874","page","type-page","status-publish","has-post-thumbnail","hentry"],"acf":[],"yoast_head":"<!-- This site is optimized with the Yoast SEO plugin v27.4 - https:\/\/yoast.com\/product\/yoast-seo-wordpress\/ -->\n<title>Produits et capteurs | SiFi Labs<\/title>\n<meta name=\"robots\" content=\"index, follow, max-snippet:-1, max-image-preview:large, max-video-preview:-1\" \/>\n<link rel=\"canonical\" href=\"https:\/\/sifilabs.com\/products\/\" \/>\n<meta property=\"og:locale\" content=\"fr_FR\" \/>\n<meta property=\"og:type\" content=\"article\" \/>\n<meta property=\"og:title\" content=\"Produits et capteurs | SiFi Labs\" \/>\n<meta property=\"og:description\" content=\"Produits Notre gamme de capteurs et d&rsquo;accessoires portables est con\u00e7ue pour capter de mani\u00e8re flexible des signaux physiologiques de haute qualit\u00e9, que ce soit en laboratoire ou \u00e0 domicile. De la surveillance ponctuelle aux \u00e9tudes de cohortes complexes, notre mat\u00e9riel est con\u00e7u pour r\u00e9pondre aux exigences de la recherche de pointe.\" \/>\n<meta property=\"og:url\" content=\"https:\/\/sifilabs.com\/products\/\" \/>\n<meta property=\"og:site_name\" content=\"Sifi\" \/>\n<meta property=\"article:modified_time\" content=\"2025-09-19T09:22:24+00:00\" \/>\n<meta property=\"og:image\" content=\"https:\/\/sifilabs.com\/wp-content\/uploads\/2025\/09\/IMG_7044-min-scaled.jpg\" \/>\n\t<meta property=\"og:image:width\" content=\"2560\" \/>\n\t<meta property=\"og:image:height\" content=\"1920\" \/>\n\t<meta property=\"og:image:type\" content=\"image\/jpeg\" \/>\n<meta name=\"twitter:card\" content=\"summary_large_image\" \/>\n<meta name=\"twitter:label1\" content=\"Dur\u00e9e de lecture estim\u00e9e\" \/>\n\t<meta name=\"twitter:data1\" content=\"1 minute\" \/>\n<script type=\"application\/ld+json\" class=\"yoast-schema-graph\">{\"@context\":\"https:\\\/\\\/schema.org\",\"@graph\":[{\"@type\":\"WebPage\",\"@id\":\"https:\\\/\\\/sifilabs.com\\\/products\\\/\",\"url\":\"https:\\\/\\\/sifilabs.com\\\/products\\\/\",\"name\":\"Produits et capteurs | SiFi Labs\",\"isPartOf\":{\"@id\":\"https:\\\/\\\/sifilabs.com\\\/#website\"},\"primaryImageOfPage\":{\"@id\":\"https:\\\/\\\/sifilabs.com\\\/products\\\/#primaryimage\"},\"image\":{\"@id\":\"https:\\\/\\\/sifilabs.com\\\/products\\\/#primaryimage\"},\"thumbnailUrl\":\"https:\\\/\\\/sifilabs.com\\\/wp-content\\\/uploads\\\/2025\\\/07\\\/SiFiBand-Render-e1759586733778.png\",\"datePublished\":\"2025-07-24T14:45:36+00:00\",\"dateModified\":\"2025-09-19T09:22:24+00:00\",\"breadcrumb\":{\"@id\":\"https:\\\/\\\/sifilabs.com\\\/products\\\/#breadcrumb\"},\"inLanguage\":\"fr-FR\",\"potentialAction\":[{\"@type\":\"ReadAction\",\"target\":[\"https:\\\/\\\/sifilabs.com\\\/products\\\/\"]}]},{\"@type\":\"ImageObject\",\"inLanguage\":\"fr-FR\",\"@id\":\"https:\\\/\\\/sifilabs.com\\\/products\\\/#primaryimage\",\"url\":\"https:\\\/\\\/sifilabs.com\\\/wp-content\\\/uploads\\\/2025\\\/07\\\/SiFiBand-Render-e1759586733778.png\",\"contentUrl\":\"https:\\\/\\\/sifilabs.com\\\/wp-content\\\/uploads\\\/2025\\\/07\\\/SiFiBand-Render-e1759586733778.png\",\"width\":600,\"height\":301},{\"@type\":\"BreadcrumbList\",\"@id\":\"https:\\\/\\\/sifilabs.com\\\/products\\\/#breadcrumb\",\"itemListElement\":[{\"@type\":\"ListItem\",\"position\":1,\"name\":\"Home\",\"item\":\"https:\\\/\\\/sifilabs.com\\\/fr\\\/\"},{\"@type\":\"ListItem\",\"position\":2,\"name\":\"Produits\"}]},{\"@type\":\"WebSite\",\"@id\":\"https:\\\/\\\/sifilabs.com\\\/#website\",\"url\":\"https:\\\/\\\/sifilabs.com\\\/\",\"name\":\"SiFi Labs\",\"description\":\"Knowledge to act\",\"publisher\":{\"@id\":\"https:\\\/\\\/sifilabs.com\\\/#organization\"},\"potentialAction\":[{\"@type\":\"SearchAction\",\"target\":{\"@type\":\"EntryPoint\",\"urlTemplate\":\"https:\\\/\\\/sifilabs.com\\\/?s={search_term_string}\"},\"query-input\":{\"@type\":\"PropertyValueSpecification\",\"valueRequired\":true,\"valueName\":\"search_term_string\"}}],\"inLanguage\":\"fr-FR\"},{\"@type\":\"Organization\",\"@id\":\"https:\\\/\\\/sifilabs.com\\\/#organization\",\"name\":\"SiFi Labs\",\"url\":\"https:\\\/\\\/sifilabs.com\\\/\",\"logo\":{\"@type\":\"ImageObject\",\"inLanguage\":\"fr-FR\",\"@id\":\"https:\\\/\\\/sifilabs.com\\\/#\\\/schema\\\/logo\\\/image\\\/\",\"url\":\"https:\\\/\\\/sifilabs.com\\\/wp-content\\\/uploads\\\/2025\\\/10\\\/sifi-logo-1200-1.png\",\"contentUrl\":\"https:\\\/\\\/sifilabs.com\\\/wp-content\\\/uploads\\\/2025\\\/10\\\/sifi-logo-1200-1.png\",\"width\":1200,\"height\":321,\"caption\":\"SiFi Labs\"},\"image\":{\"@id\":\"https:\\\/\\\/sifilabs.com\\\/#\\\/schema\\\/logo\\\/image\\\/\"},\"sameAs\":[\"https:\\\/\\\/ca.linkedin.com\\\/company\\\/sifi-labs\"]}]}<\/script>\n<!-- \/ Yoast SEO plugin. -->","yoast_head_json":{"title":"Produits et capteurs | SiFi Labs","robots":{"index":"index","follow":"follow","max-snippet":"max-snippet:-1","max-image-preview":"max-image-preview:large","max-video-preview":"max-video-preview:-1"},"canonical":"https:\/\/sifilabs.com\/products\/","og_locale":"fr_FR","og_type":"article","og_title":"Produits et capteurs | SiFi Labs","og_description":"Produits Notre gamme de capteurs et d&rsquo;accessoires portables est con\u00e7ue pour capter de mani\u00e8re flexible des signaux physiologiques de haute qualit\u00e9, que ce soit en laboratoire ou \u00e0 domicile. De la surveillance ponctuelle aux \u00e9tudes de cohortes complexes, notre mat\u00e9riel est con\u00e7u pour r\u00e9pondre aux exigences de la recherche de pointe.","og_url":"https:\/\/sifilabs.com\/products\/","og_site_name":"Sifi","article_modified_time":"2025-09-19T09:22:24+00:00","og_image":[{"width":2560,"height":1920,"url":"https:\/\/sifilabs.com\/wp-content\/uploads\/2025\/09\/IMG_7044-min-scaled.jpg","type":"image\/jpeg"}],"twitter_card":"summary_large_image","twitter_misc":{"Dur\u00e9e de lecture estim\u00e9e":"1 minute"},"schema":{"@context":"https:\/\/schema.org","@graph":[{"@type":"WebPage","@id":"https:\/\/sifilabs.com\/products\/","url":"https:\/\/sifilabs.com\/products\/","name":"Produits et capteurs | SiFi Labs","isPartOf":{"@id":"https:\/\/sifilabs.com\/#website"},"primaryImageOfPage":{"@id":"https:\/\/sifilabs.com\/products\/#primaryimage"},"image":{"@id":"https:\/\/sifilabs.com\/products\/#primaryimage"},"thumbnailUrl":"https:\/\/sifilabs.com\/wp-content\/uploads\/2025\/07\/SiFiBand-Render-e1759586733778.png","datePublished":"2025-07-24T14:45:36+00:00","dateModified":"2025-09-19T09:22:24+00:00","breadcrumb":{"@id":"https:\/\/sifilabs.com\/products\/#breadcrumb"},"inLanguage":"fr-FR","potentialAction":[{"@type":"ReadAction","target":["https:\/\/sifilabs.com\/products\/"]}]},{"@type":"ImageObject","inLanguage":"fr-FR","@id":"https:\/\/sifilabs.com\/products\/#primaryimage","url":"https:\/\/sifilabs.com\/wp-content\/uploads\/2025\/07\/SiFiBand-Render-e1759586733778.png","contentUrl":"https:\/\/sifilabs.com\/wp-content\/uploads\/2025\/07\/SiFiBand-Render-e1759586733778.png","width":600,"height":301},{"@type":"BreadcrumbList","@id":"https:\/\/sifilabs.com\/products\/#breadcrumb","itemListElement":[{"@type":"ListItem","position":1,"name":"Home","item":"https:\/\/sifilabs.com\/fr\/"},{"@type":"ListItem","position":2,"name":"Produits"}]},{"@type":"WebSite","@id":"https:\/\/sifilabs.com\/#website","url":"https:\/\/sifilabs.com\/","name":"SiFi Labs","description":"Knowledge to act","publisher":{"@id":"https:\/\/sifilabs.com\/#organization"},"potentialAction":[{"@type":"SearchAction","target":{"@type":"EntryPoint","urlTemplate":"https:\/\/sifilabs.com\/?s={search_term_string}"},"query-input":{"@type":"PropertyValueSpecification","valueRequired":true,"valueName":"search_term_string"}}],"inLanguage":"fr-FR"},{"@type":"Organization","@id":"https:\/\/sifilabs.com\/#organization","name":"SiFi Labs","url":"https:\/\/sifilabs.com\/","logo":{"@type":"ImageObject","inLanguage":"fr-FR","@id":"https:\/\/sifilabs.com\/#\/schema\/logo\/image\/","url":"https:\/\/sifilabs.com\/wp-content\/uploads\/2025\/10\/sifi-logo-1200-1.png","contentUrl":"https:\/\/sifilabs.com\/wp-content\/uploads\/2025\/10\/sifi-logo-1200-1.png","width":1200,"height":321,"caption":"SiFi Labs"},"image":{"@id":"https:\/\/sifilabs.com\/#\/schema\/logo\/image\/"},"sameAs":["https:\/\/ca.linkedin.com\/company\/sifi-labs"]}]}},"_links":{"self":[{"href":"https:\/\/sifilabs.com\/fr\/wp-json\/wp\/v2\/pages\/874","targetHints":{"allow":["GET"]}}],"collection":[{"href":"https:\/\/sifilabs.com\/fr\/wp-json\/wp\/v2\/pages"}],"about":[{"href":"https:\/\/sifilabs.com\/fr\/wp-json\/wp\/v2\/types\/page"}],"author":[{"embeddable":true,"href":"https:\/\/sifilabs.com\/fr\/wp-json\/wp\/v2\/users\/1"}],"replies":[{"embeddable":true,"href":"https:\/\/sifilabs.com\/fr\/wp-json\/wp\/v2\/comments?post=874"}],"version-history":[{"count":5,"href":"https:\/\/sifilabs.com\/fr\/wp-json\/wp\/v2\/pages\/874\/revisions"}],"predecessor-version":[{"id":1099,"href":"https:\/\/sifilabs.com\/fr\/wp-json\/wp\/v2\/pages\/874\/revisions\/1099"}],"wp:featuredmedia":[{"embeddable":true,"href":"https:\/\/sifilabs.com\/fr\/wp-json\/wp\/v2\/media\/1280"}],"wp:attachment":[{"href":"https:\/\/sifilabs.com\/fr\/wp-json\/wp\/v2\/media?parent=874"}],"curies":[{"name":"wp","href":"https:\/\/api.w.org\/{rel}","templated":true}]}}